{"id":175,"date":"2023-08-23T12:25:33","date_gmt":"2023-08-23T10:25:33","guid":{"rendered":"https:\/\/adwokat-sylwestrowicz.pl\/blog\/?page_id=175"},"modified":"2023-08-23T12:25:33","modified_gmt":"2023-08-23T10:25:33","slug":"potrzebujesz-pomocy-prawnej-w-lodzi-oto-jak-nasza-kancelaria-adwokacka-moze-ci-pomoc","status":"publish","type":"page","link":"https:\/\/adwokat-sylwestrowicz.pl\/blog\/potrzebujesz-pomocy-prawnej-w-lodzi-oto-jak-nasza-kancelaria-adwokacka-moze-ci-pomoc\/","title":{"rendered":"Potrzebujesz Pomocy Prawnej w \u0141odzi? Oto Jak Nasza Kancelaria Adwokacka Mo\u017ce Ci Pom\u00f3c"},"content":{"rendered":"\n<p>Wielu Klient\u00f3w kancelarii przed udaniem si\u0119 do adwokata zastanawia si\u0119 czy warto uda\u0107 si\u0119 po pomoc prawn\u0105? W przypadku problem\u00f3w prawnych warto mie\u0107 wsparcie, kt\u00f3ry pomo\u017ce Ci zrozumie\u0107 skomplikowane przepisy prawne i reprezentowa\u0107 Twoje interesy. Nasza <strong><a href=\"https:\/\/adwokat-sylwestrowicz.pl\/adwokat-lodz\">kancelaria adwokacka w \u0141odzi<\/a><\/strong> stoi na stra\u017cy Twoich praw i zapewnia wsparcie w r\u00f3\u017cnorodnych kwestiach prawnych.<\/p>\n\n\n\n<figure class=\"wp-block-image size-full\"><img loading=\"lazy\" decoding=\"async\" width=\"600\" height=\"399\" src=\"https:\/\/adwokat-sylwestrowicz.pl\/blog\/wp-content\/uploads\/2023\/08\/obsluga-prawna-firm.jpg\" alt=\"kancelaria adwokacka w \u0141odzi\" class=\"wp-image-176\" srcset=\"https:\/\/adwokat-sylwestrowicz.pl\/blog\/wp-content\/uploads\/2023\/08\/obsluga-prawna-firm-300x200@2x.jpg 600w, https:\/\/adwokat-sylwestrowicz.pl\/blog\/wp-content\/uploads\/2023\/08\/obsluga-prawna-firm-300x200.jpg 300w, https:\/\/adwokat-sylwestrowicz.pl\/blog\/wp-content\/uploads\/2023\/08\/obsluga-prawna-firm-270x180.jpg 270w, https:\/\/adwokat-sylwestrowicz.pl\/blog\/wp-content\/uploads\/2023\/08\/obsluga-prawna-firm-370x245.jpg 370w, https:\/\/adwokat-sylwestrowicz.pl\/blog\/wp-content\/uploads\/2023\/08\/obsluga-prawna-firm-270x180@2x.jpg 540w\" sizes=\"auto, (max-width: 600px) 100vw, 600px\" \/><figcaption class=\"wp-element-caption\">Business people analyzes, graphs and charts to examine and analyze company finances, revenues and budgets for new business operations in the next project.<\/figcaption><\/figure>\n\n\n\n<h2 class=\"wp-block-heading\">Rozwody i Sprawy Rodzinne<\/h2>\n\n\n\n<p>Rozw\u00f3d to trudny krok, kt\u00f3ry mo\u017ce wprowadzi\u0107 wiele zmian w Twoim \u017cyciu. Nasza kancelaria specjalizuje si\u0119 w <a href=\"https:\/\/adwokat-sylwestrowicz.pl\/prawo-cywilne\">sprawach rozwodowych i sprawach rodzinnych<\/a>. Niezale\u017cnie od tego, czy potrzebujesz porady w zakresie <strong>podzia\u0142u maj\u0105tku czy ustalenia opieki nad dzie\u0107mi<\/strong>, nasz do\u015bwiadczony zesp\u00f3\u0142 jest tutaj, aby Ci pom\u00f3c. <\/p>\n\n\n\n<p>Wspieramy kompleksowo &#8211;  staramy si\u0119 widzie\u0107 Twoje problemy wielow\u0105tkowo, d\u0105\u017c\u0105c do osi\u0105gni\u0119cia jak najlepszego wyniku dla Ciebie i Twojej rodziny.<\/p>\n\n\n\n<h2 class=\"wp-block-heading\">Obrona w Sprawach Karnych<\/h2>\n\n\n\n<p>Znalezienie si\u0119 w sytuacji kryzysowej zwi\u0105zanej z <strong><a href=\"https:\/\/adwokat-sylwestrowicz.pl\/prawo-karne\">prawem karnym<\/a><\/strong> mo\u017ce by\u0107 przera\u017caj\u0105ce. Nasza kancelaria oferuje profesjonaln\u0105 obron\u0119 w sprawach karnych. Nasi adwokaci posiadaj\u0105 niezb\u0119dn\u0105 wiedz\u0119 i do\u015bwiadczenie, aby zapewni\u0107 Ci skuteczn\u0105 reprezentacj\u0119 przed s\u0105dem. <\/p>\n\n\n\n<p>Niezale\u017cnie od zarzut\u00f3w, z kt\u00f3rymi si\u0119 borykasz, mo\u017cesz liczy\u0107 na nasze zaanga\u017cowanie i dzia\u0142ania maj\u0105ce na celu ochron\u0119 Twoich praw.<\/p>\n\n\n\n<h2 class=\"wp-block-heading\">Pomoc Przedsi\u0119biorcom i Sp\u00f3\u0142kom<\/h2>\n\n\n\n<p>Prowadzisz firm\u0119 lub planujesz za\u0142o\u017cenie dzia\u0142alno\u015bci gospodarczej? Nasza kancelaria adwokacka w \u0141odzi oferuje wsparcie prawne dla przedsi\u0119biorc\u00f3w. Pomagamy w kwestiach zwi\u0105zanych z prawem gospodarczym, umowami handlowymi, ochron\u0105 w\u0142asno\u015bci intelektualnej i rozwi\u0105zywaniem spor\u00f3w. Naszym celem jest zminimalizowanie ryzyka prawnych, z jakim mog\u0105 si\u0119 spotka\u0107 przedsi\u0119biorcy.<\/p>\n\n\n\n<h2 class=\"wp-block-heading\">Jak pomagamy?<\/h2>\n\n\n\n<ol class=\"wp-block-list\">\n<li><strong>Przeprowadzamy analiz\u0119 dowod\u00f3w i dokument\u00f3w:<\/strong> Przeprowadzamy dok\u0142adn\u0105 analiz\u0119 materia\u0142u dowodowego, w tym zabezpieczonych substancji, dokument\u00f3w czy zezna\u0144 \u015bwiadk\u00f3w, aby zidentyfikowa\u0107 wszelkie ewentualne naruszenia procedur prawnych.<\/li>\n\n\n\n<li><strong>Opracowanie strategii:<\/strong> Tworzymy spersonalizowan\u0105 strategi\u0119 obrony czy pism prawnych, uwzgl\u0119dniaj\u0105c\u0105 zar\u00f3wno aspekty prawnicze, jak i faktyczne okoliczno\u015bci sprawy. Naszym celem jest minimalizowanie konsekwencji dla klienta lub uzyskiwanie jak najlepszych wynik\u00f3w dzia\u0142aj\u0105c w zgodzie z obowi\u0105zuj\u0105cymi przepisami.<\/li>\n\n\n\n<li><strong>Reprezentacja przed s\u0105dem lub podczas mediacji:<\/strong> Nasz zesp\u00f3\u0142 gwarantuje profesjonaln\u0105 reprezentacj\u0119 przed s\u0105dem, skupiaj\u0105c si\u0119 na prezentowaniu dokument\u00f3w i argument\u00f3w, wyja\u015bnianiu w\u0105tpliwo\u015bci. Je\u015bli istnieje szansa na prowadzenie mediacji z drug\u0105 stron\u0105 &#8211; r\u00f3wnie\u017c podejmujemy si\u0119 takich negocjacji.<\/li>\n\n\n\n<li><strong>Doradztwo i wsparcie:<\/strong> Opr\u00f3cz reprezentacji w s\u0105dzie, oferujemy kompleksowe doradztwo prawne klientom, wyja\u015bniaj\u0105c ca\u0142\u0105 \u015bcie\u017ck\u0119 prawn\u0105, mo\u017cliwe konsekwencje oraz mo\u017cliwe opcje.<\/li>\n<\/ol>\n\n\n\n<h2 class=\"wp-block-heading\">Szukasz porady prawnej w \u0141odzi?<\/h2>\n\n\n\n<p>Nie czekaj, a\u017c problemy prawne si\u0119 pog\u0142\u0119bi\u0105. <a href=\"https:\/\/adwokat-sylwestrowicz.pl\/kontakt\">Skontaktuj si\u0119 z nami<\/a>, aby om\u00f3wi\u0107 swoj\u0105 sytuacj\u0119 prawna. Nasi do\u015bwiadczeni adwokaci stoj\u0105 do Twojej dyspozycji, gotowi s\u0142u\u017cy\u0107 Ci profesjonaln\u0105 rad\u0105 i reprezentacj\u0105. Niezale\u017cnie od tego, czy potrzebujesz pomocy w sprawach rodzinnych, karnych czy biznesowych, mo\u017cesz polega\u0107 na naszym zaanga\u017cowaniu i wiedzy prawniczej.<\/p>\n\n\n\n<h2 class=\"wp-block-heading\">Nasza Kancelaria &#8211; twoje wsparcie prawne w \u0141odzi<\/h2>\n\n\n\n<p>W ka\u017cdej ze spraw jeste\u015bmy zaanga\u017cowani i dyspozycyjni na pytania klient\u00f3w. Chcemy zapewnia\u0107 <strong><a href=\"https:\/\/adwokat-sylwestrowicz.pl\/adwokat-lodz\">kompleksow\u0105 i skuteczn\u0105 pomoc prawn\u0105 w \u0141odzi<\/a><\/strong>. Je\u015bli potrzebujesz pojedynczej porady prawnej &#8211; r\u00f3wnie\u017c ch\u0119tnie odpowiemy na Twoje pytania.<\/p>\n","protected":false},"excerpt":{"rendered":"<p>Wielu Klient\u00f3w kancelarii przed udaniem si\u0119 do adwokata zastanawia si\u0119 czy warto uda\u0107 si\u0119 po pomoc prawn\u0105? W przypadku problem\u00f3w prawnych warto mie\u0107 wsparcie, kt\u00f3ry pomo\u017ce Ci zrozumie\u0107 skomplikowane przepisy prawne i reprezentowa\u0107 Twoje interesy. Nasza kancelaria adwokacka w \u0141odzi stoi na stra\u017cy Twoich praw i zapewnia wsparcie w r\u00f3\u017cnorodnych kwestiach prawnych. Rozwody i Sprawy<\/p>\n","protected":false},"author":1,"featured_media":0,"parent":0,"menu_order":0,"comment_status":"closed","ping_status":"closed","template":"","meta":{"footnotes":""},"class_list":["post-175","page","type-page","status-publish"],"yoast_head":"<!-- This site is optimized with the Yoast SEO plugin v19.11 - https:\/\/yoast.com\/wordpress\/plugins\/seo\/ -->\n<title>Potrzebujesz Pomocy Prawnej w \u0141odzi? Oto Jak Nasza Kancelaria Adwokacka Mo\u017ce Ci Pom\u00f3c - BLOG | Adwokat \u0141\u00f3d\u017a - Damian Sylwestrowicz | Tw\u00f3j prawnik w \u0141odzi.<\/title>\n<meta name=\"robots\" content=\"index, follow, max-snippet:-1, max-image-preview:large, max-video-preview:-1\" \/>\n<link rel=\"canonical\" href=\"https:\/\/adwokat-sylwestrowicz.pl\/blog\/potrzebujesz-pomocy-prawnej-w-lodzi-oto-jak-nasza-kancelaria-adwokacka-moze-ci-pomoc\/\" \/>\n<meta property=\"og:locale\" content=\"pl_PL\" \/>\n<meta property=\"og:type\" content=\"article\" \/>\n<meta property=\"og:title\" content=\"Potrzebujesz Pomocy Prawnej w \u0141odzi? Oto Jak Nasza Kancelaria Adwokacka Mo\u017ce Ci Pom\u00f3c - BLOG | Adwokat \u0141\u00f3d\u017a - Damian Sylwestrowicz | Tw\u00f3j prawnik w \u0141odzi.\" \/>\n<meta property=\"og:description\" content=\"Wielu Klient\u00f3w kancelarii przed udaniem si\u0119 do adwokata zastanawia si\u0119 czy warto uda\u0107 si\u0119 po pomoc prawn\u0105? W przypadku problem\u00f3w prawnych warto mie\u0107 wsparcie, kt\u00f3ry pomo\u017ce Ci zrozumie\u0107 skomplikowane przepisy prawne i reprezentowa\u0107 Twoje interesy. Nasza kancelaria adwokacka w \u0141odzi stoi na stra\u017cy Twoich praw i zapewnia wsparcie w r\u00f3\u017cnorodnych kwestiach prawnych. Rozwody i Sprawy\" \/>\n<meta property=\"og:url\" content=\"https:\/\/adwokat-sylwestrowicz.pl\/blog\/potrzebujesz-pomocy-prawnej-w-lodzi-oto-jak-nasza-kancelaria-adwokacka-moze-ci-pomoc\/\" \/>\n<meta property=\"og:site_name\" content=\"BLOG | Adwokat \u0141\u00f3d\u017a - Damian Sylwestrowicz | Tw\u00f3j prawnik w \u0141odzi.\" \/>\n<meta property=\"og:image\" content=\"https:\/\/adwokat-sylwestrowicz.pl\/blog\/wp-content\/uploads\/2023\/08\/obsluga-prawna-firm.jpg\" \/>\n<meta name=\"twitter:card\" content=\"summary_large_image\" \/>\n<meta name=\"twitter:label1\" content=\"Szacowany czas czytania\" \/>\n\t<meta name=\"twitter:data1\" content=\"3 minuty\" \/>\n<script type=\"application\/ld+json\" class=\"yoast-schema-graph\">{\"@context\":\"https:\/\/schema.org\",\"@graph\":[{\"@type\":\"WebPage\",\"@id\":\"https:\/\/adwokat-sylwestrowicz.pl\/blog\/potrzebujesz-pomocy-prawnej-w-lodzi-oto-jak-nasza-kancelaria-adwokacka-moze-ci-pomoc\/\",\"url\":\"https:\/\/adwokat-sylwestrowicz.pl\/blog\/potrzebujesz-pomocy-prawnej-w-lodzi-oto-jak-nasza-kancelaria-adwokacka-moze-ci-pomoc\/\",\"name\":\"Potrzebujesz Pomocy Prawnej w \u0141odzi? Oto Jak Nasza Kancelaria Adwokacka Mo\u017ce Ci Pom\u00f3c - BLOG | Adwokat \u0141\u00f3d\u017a - Damian Sylwestrowicz | Tw\u00f3j prawnik w \u0141odzi.\",\"isPartOf\":{\"@id\":\"https:\/\/adwokat-sylwestrowicz.pl\/blog\/#website\"},\"datePublished\":\"2023-08-23T10:25:33+00:00\",\"dateModified\":\"2023-08-23T10:25:33+00:00\",\"breadcrumb\":{\"@id\":\"https:\/\/adwokat-sylwestrowicz.pl\/blog\/potrzebujesz-pomocy-prawnej-w-lodzi-oto-jak-nasza-kancelaria-adwokacka-moze-ci-pomoc\/#breadcrumb\"},\"inLanguage\":\"pl-PL\",\"potentialAction\":[{\"@type\":\"ReadAction\",\"target\":[\"https:\/\/adwokat-sylwestrowicz.pl\/blog\/potrzebujesz-pomocy-prawnej-w-lodzi-oto-jak-nasza-kancelaria-adwokacka-moze-ci-pomoc\/\"]}]},{\"@type\":\"BreadcrumbList\",\"@id\":\"https:\/\/adwokat-sylwestrowicz.pl\/blog\/potrzebujesz-pomocy-prawnej-w-lodzi-oto-jak-nasza-kancelaria-adwokacka-moze-ci-pomoc\/#breadcrumb\",\"itemListElement\":[{\"@type\":\"ListItem\",\"position\":1,\"name\":\"Strona g\u0142\u00f3wna\",\"item\":\"https:\/\/adwokat-sylwestrowicz.pl\/blog\/\"},{\"@type\":\"ListItem\",\"position\":2,\"name\":\"Potrzebujesz Pomocy Prawnej w \u0141odzi? Oto Jak Nasza Kancelaria Adwokacka Mo\u017ce Ci Pom\u00f3c\"}]},{\"@type\":\"WebSite\",\"@id\":\"https:\/\/adwokat-sylwestrowicz.pl\/blog\/#website\",\"url\":\"https:\/\/adwokat-sylwestrowicz.pl\/blog\/\",\"name\":\"BLOG | Adwokat \u0141\u00f3d\u017a - Damian Sylwestrowicz | Tw\u00f3j prawnik w \u0141odzi.\",\"description\":\"Adwokat \u0141\u00f3d\u017a | Tw\u00f3j prawnik w \u0141odzi!\",\"potentialAction\":[{\"@type\":\"SearchAction\",\"target\":{\"@type\":\"EntryPoint\",\"urlTemplate\":\"https:\/\/adwokat-sylwestrowicz.pl\/blog\/?s={search_term_string}\"},\"query-input\":\"required name=search_term_string\"}],\"inLanguage\":\"pl-PL\"}]}<\/script>\n<!-- \/ Yoast SEO plugin. -->","yoast_head_json":{"title":"Potrzebujesz Pomocy Prawnej w \u0141odzi? Oto Jak Nasza Kancelaria Adwokacka Mo\u017ce Ci Pom\u00f3c - BLOG | Adwokat \u0141\u00f3d\u017a - Damian Sylwestrowicz | Tw\u00f3j prawnik w \u0141odzi.","robots":{"index":"index","follow":"follow","max-snippet":"max-snippet:-1","max-image-preview":"max-image-preview:large","max-video-preview":"max-video-preview:-1"},"canonical":"https:\/\/adwokat-sylwestrowicz.pl\/blog\/potrzebujesz-pomocy-prawnej-w-lodzi-oto-jak-nasza-kancelaria-adwokacka-moze-ci-pomoc\/","og_locale":"pl_PL","og_type":"article","og_title":"Potrzebujesz Pomocy Prawnej w \u0141odzi? Oto Jak Nasza Kancelaria Adwokacka Mo\u017ce Ci Pom\u00f3c - BLOG | Adwokat \u0141\u00f3d\u017a - Damian Sylwestrowicz | Tw\u00f3j prawnik w \u0141odzi.","og_description":"Wielu Klient\u00f3w kancelarii przed udaniem si\u0119 do adwokata zastanawia si\u0119 czy warto uda\u0107 si\u0119 po pomoc prawn\u0105? W przypadku problem\u00f3w prawnych warto mie\u0107 wsparcie, kt\u00f3ry pomo\u017ce Ci zrozumie\u0107 skomplikowane przepisy prawne i reprezentowa\u0107 Twoje interesy. Nasza kancelaria adwokacka w \u0141odzi stoi na stra\u017cy Twoich praw i zapewnia wsparcie w r\u00f3\u017cnorodnych kwestiach prawnych. Rozwody i Sprawy","og_url":"https:\/\/adwokat-sylwestrowicz.pl\/blog\/potrzebujesz-pomocy-prawnej-w-lodzi-oto-jak-nasza-kancelaria-adwokacka-moze-ci-pomoc\/","og_site_name":"BLOG | Adwokat \u0141\u00f3d\u017a - Damian Sylwestrowicz | Tw\u00f3j prawnik w \u0141odzi.","og_image":[{"url":"https:\/\/adwokat-sylwestrowicz.pl\/blog\/wp-content\/uploads\/2023\/08\/obsluga-prawna-firm.jpg"}],"twitter_card":"summary_large_image","twitter_misc":{"Szacowany czas czytania":"3 minuty"},"schema":{"@context":"https:\/\/schema.org","@graph":[{"@type":"WebPage","@id":"https:\/\/adwokat-sylwestrowicz.pl\/blog\/potrzebujesz-pomocy-prawnej-w-lodzi-oto-jak-nasza-kancelaria-adwokacka-moze-ci-pomoc\/","url":"https:\/\/adwokat-sylwestrowicz.pl\/blog\/potrzebujesz-pomocy-prawnej-w-lodzi-oto-jak-nasza-kancelaria-adwokacka-moze-ci-pomoc\/","name":"Potrzebujesz Pomocy Prawnej w \u0141odzi? Oto Jak Nasza Kancelaria Adwokacka Mo\u017ce Ci Pom\u00f3c - BLOG | Adwokat \u0141\u00f3d\u017a - Damian Sylwestrowicz | Tw\u00f3j prawnik w \u0141odzi.","isPartOf":{"@id":"https:\/\/adwokat-sylwestrowicz.pl\/blog\/#website"},"datePublished":"2023-08-23T10:25:33+00:00","dateModified":"2023-08-23T10:25:33+00:00","breadcrumb":{"@id":"https:\/\/adwokat-sylwestrowicz.pl\/blog\/potrzebujesz-pomocy-prawnej-w-lodzi-oto-jak-nasza-kancelaria-adwokacka-moze-ci-pomoc\/#breadcrumb"},"inLanguage":"pl-PL","potentialAction":[{"@type":"ReadAction","target":["https:\/\/adwokat-sylwestrowicz.pl\/blog\/potrzebujesz-pomocy-prawnej-w-lodzi-oto-jak-nasza-kancelaria-adwokacka-moze-ci-pomoc\/"]}]},{"@type":"BreadcrumbList","@id":"https:\/\/adwokat-sylwestrowicz.pl\/blog\/potrzebujesz-pomocy-prawnej-w-lodzi-oto-jak-nasza-kancelaria-adwokacka-moze-ci-pomoc\/#breadcrumb","itemListElement":[{"@type":"ListItem","position":1,"name":"Strona g\u0142\u00f3wna","item":"https:\/\/adwokat-sylwestrowicz.pl\/blog\/"},{"@type":"ListItem","position":2,"name":"Potrzebujesz Pomocy Prawnej w \u0141odzi? Oto Jak Nasza Kancelaria Adwokacka Mo\u017ce Ci Pom\u00f3c"}]},{"@type":"WebSite","@id":"https:\/\/adwokat-sylwestrowicz.pl\/blog\/#website","url":"https:\/\/adwokat-sylwestrowicz.pl\/blog\/","name":"BLOG | Adwokat \u0141\u00f3d\u017a - Damian Sylwestrowicz | Tw\u00f3j prawnik w \u0141odzi.","description":"Adwokat \u0141\u00f3d\u017a | Tw\u00f3j prawnik w \u0141odzi!","potentialAction":[{"@type":"SearchAction","target":{"@type":"EntryPoint","urlTemplate":"https:\/\/adwokat-sylwestrowicz.pl\/blog\/?s={search_term_string}"},"query-input":"required name=search_term_string"}],"inLanguage":"pl-PL"}]}},"_links":{"self":[{"href":"https:\/\/adwokat-sylwestrowicz.pl\/blog\/wp-json\/wp\/v2\/pages\/175","targetHints":{"allow":["GET"]}}],"collection":[{"href":"https:\/\/adwokat-sylwestrowicz.pl\/blog\/wp-json\/wp\/v2\/pages"}],"about":[{"href":"https:\/\/adwokat-sylwestrowicz.pl\/blog\/wp-json\/wp\/v2\/types\/page"}],"author":[{"embeddable":true,"href":"https:\/\/adwokat-sylwestrowicz.pl\/blog\/wp-json\/wp\/v2\/users\/1"}],"replies":[{"embeddable":true,"href":"https:\/\/adwokat-sylwestrowicz.pl\/blog\/wp-json\/wp\/v2\/comments?post=175"}],"version-history":[{"count":1,"href":"https:\/\/adwokat-sylwestrowicz.pl\/blog\/wp-json\/wp\/v2\/pages\/175\/revisions"}],"predecessor-version":[{"id":177,"href":"https:\/\/adwokat-sylwestrowicz.pl\/blog\/wp-json\/wp\/v2\/pages\/175\/revisions\/177"}],"wp:attachment":[{"href":"https:\/\/adwokat-sylwestrowicz.pl\/blog\/wp-json\/wp\/v2\/media?parent=175"}],"curies":[{"name":"wp","href":"https:\/\/api.w.org\/{rel}","templated":true}]}}