{"id":181,"date":"2023-08-24T02:14:24","date_gmt":"2023-08-24T00:14:24","guid":{"rendered":"https:\/\/adwokat-sylwestrowicz.pl\/blog\/?page_id=181"},"modified":"2023-08-24T02:14:24","modified_gmt":"2023-08-24T00:14:24","slug":"adwokat-tomaszow-mazowiecki-bronimy-twoich-praw-i-udzielamy-porad-prawnych","status":"publish","type":"page","link":"https:\/\/adwokat-sylwestrowicz.pl\/blog\/adwokat-tomaszow-mazowiecki-bronimy-twoich-praw-i-udzielamy-porad-prawnych\/","title":{"rendered":"Adwokat Tomasz\u00f3w Mazowiecki &#8211; bronimy Twoich praw i udzielamy porad prawnych"},"content":{"rendered":"\n<p><\/p>\n\n\n\n<p>W trudnych chwilach \u017cycia, kiedy konieczna jest profesjonalna pomoc prawna, jeste\u015bmy tutaj, aby Ci\u0119 wesprze\u0107. Nasza kancelaria adwokacka jest zlokalizowana w centrum Tomaszowa Mazowieckiego. Oferujemy  kompleksow\u0105 <strong>obs\u0142ug\u0119 prawn\u0105<\/strong> w obszarach, kt\u00f3re mog\u0105 Ci\u0119 dotyczy\u0107 &#8211; <strong>prawo cywilne, rozwody, prawo karne i odszkodowania<\/strong>.<\/p>\n\n\n\n<p>Jakie s\u0105 g\u0142\u00f3wne specjalizacje <a href=\"https:\/\/adwokat-sylwestrowicz.pl\/obsluga-prawna-tomaszow-mazowiecki\">Kancelarii Damiana Sylwestrowicza w Tomaszowie Mazowieckim<\/a>?<\/p>\n\n\n\n<h2 class=\"wp-block-heading\"><strong>Prawo Cywilne<\/strong><\/h2>\n\n\n\n<p>Jako adwokat specjalizuje si\u0119 w obszarze <strong>prawa cywilnego<\/strong>. Niezale\u017cnie od tego, czy masz pytania dotycz\u0105ce <strong>sporz\u0105dzenia um\u00f3w, dziedziczenia, czy ochrony d\u00f3br osobistych<\/strong>, jeste\u015bmy gotowi dostarczy\u0107 Ci jasne i rzetelne odpowiedzi oraz zapewni\u0107 skuteczn\u0105 reprezentacj\u0119 przed s\u0105dem.<\/p>\n\n\n\n<h2 class=\"wp-block-heading\"><strong>Rozwody<\/strong><\/h2>\n\n\n\n<p>Rozw\u00f3d to trudny czas, kt\u00f3ry mo\u017ce wywo\u0142a\u0107 wiele emocji i niepewno\u015bci. Ale i problem\u00f3w natury prawnej, kiedy dochodzi <strong>kwestia opieki nad dzie\u0107mi czy alimentami<\/strong>. <\/p>\n\n\n\n<p>Nasza kancelaria oferuje profesjonaln\u0105 <strong>pomoc prawn\u0105 w sprawach rozwodowych<\/strong>. Zale\u017cy nam na Tworzeniu rozwi\u0105za\u0144 prawnych kt\u00f3re b\u0119d\u0105 zgodne z Twoimi oczekiwaniami ale i <strong>prawem rodzinnym i cywilnym<\/strong>.<\/p>\n\n\n\n<h2 class=\"wp-block-heading\"><strong>Prawo Karne<\/strong><\/h2>\n\n\n\n<p>W przypadkach zwi\u0105zanych z <strong><a href=\"https:\/\/adwokat-sylwestrowicz.pl\/prawo-karne\">prawem karnym<\/a><\/strong>, oferujemy obron\u0119 i reprezentacj\u0119 przed s\u0105dem. Nasi prawnicy posiadaj\u0105 wiedz\u0119 i do\u015bwiadczenie potrzebne do zrozumienia skomplikowanych przypadk\u00f3w i przygotowania skutecznej obrony.<\/p>\n\n\n\n<p>Pomagamy w nawet w trudnych sprawach jak <strong>prowadzenie pojazdu po spo\u017cyciu alkoholu<\/strong>, sprawy dot. <strong>posiadania substancji zakazanych<\/strong> czy przest\u0119pstw <strong>karno-skarbowych<\/strong>.<\/p>\n\n\n\n<h2 class=\"wp-block-heading\"><strong>Odszkodowania<\/strong> <\/h2>\n\n\n\n<p>Je\u015bli pad\u0142e\u015b ofiar\u0105 wypadku czy kolizji, mo\u017cemy Ci pom\u00f3c w uzyskaniu nale\u017cytego odszkodowania. Nasza kancelaria ma do\u015bwiadczenie w negocjacjach z ubezpieczycielami i reprezentacji w procesach s\u0105dowych w sytuacjach kiedy dochodzi do np. <strong>zani\u017cenia odszkodowania<\/strong>.<\/p>\n\n\n\n<p>W naszej <a href=\"https:\/\/adwokat-sylwestrowicz.pl\/obsluga-prawna-tomaszow-mazowiecki\">Kancelarii Adwokackiej w Tomaszowie Mazowieckim<\/a> wyznajemy zasad\u0119, \u017ce jeste\u015bmy tutaj, aby Ci\u0119 wesprze\u0107 i zapewni\u0107 skuteczn\u0105 i profesjonaln\u0105 pomoc prawn\u0105. <\/p>\n\n\n\n<p><a href=\"https:\/\/adwokat-sylwestrowicz.pl\/kontakt\">Skontaktuj si\u0119 z nami<\/a>, aby um\u00f3wi\u0107 si\u0119 na bezp\u0142atne konsultacje, w trakcie kt\u00f3rych om\u00f3wimy Twoje potrzeby i przedstawimy mo\u017cliwe \u015bcie\u017cki rozwi\u0105zania.<\/p>\n\n\n\n<p><\/p>\n","protected":false},"excerpt":{"rendered":"<p>W trudnych chwilach \u017cycia, kiedy konieczna jest profesjonalna pomoc prawna, jeste\u015bmy tutaj, aby Ci\u0119 wesprze\u0107. Nasza kancelaria adwokacka jest zlokalizowana w centrum Tomaszowa Mazowieckiego. Oferujemy kompleksow\u0105 obs\u0142ug\u0119 prawn\u0105 w obszarach, kt\u00f3re mog\u0105 Ci\u0119 dotyczy\u0107 &#8211; prawo cywilne, rozwody, prawo karne i odszkodowania. Jakie s\u0105 g\u0142\u00f3wne specjalizacje Kancelarii Damiana Sylwestrowicza w Tomaszowie Mazowieckim? Prawo Cywilne Jako<\/p>\n","protected":false},"author":1,"featured_media":0,"parent":0,"menu_order":0,"comment_status":"closed","ping_status":"closed","template":"","meta":{"footnotes":""},"class_list":["post-181","page","type-page","status-publish"],"yoast_head":"<!-- This site is optimized with the Yoast SEO plugin v19.11 - https:\/\/yoast.com\/wordpress\/plugins\/seo\/ -->\n<title>Adwokat Tomasz\u00f3w Mazowiecki - bronimy Twoich praw i udzielamy porad prawnych - BLOG | Adwokat \u0141\u00f3d\u017a - Damian Sylwestrowicz | Tw\u00f3j prawnik w \u0141odzi.<\/title>\n<meta name=\"robots\" content=\"index, follow, max-snippet:-1, max-image-preview:large, max-video-preview:-1\" \/>\n<link rel=\"canonical\" href=\"https:\/\/adwokat-sylwestrowicz.pl\/blog\/adwokat-tomaszow-mazowiecki-bronimy-twoich-praw-i-udzielamy-porad-prawnych\/\" \/>\n<meta property=\"og:locale\" content=\"pl_PL\" \/>\n<meta property=\"og:type\" content=\"article\" \/>\n<meta property=\"og:title\" content=\"Adwokat Tomasz\u00f3w Mazowiecki - bronimy Twoich praw i udzielamy porad prawnych - BLOG | Adwokat \u0141\u00f3d\u017a - Damian Sylwestrowicz | Tw\u00f3j prawnik w \u0141odzi.\" \/>\n<meta property=\"og:description\" content=\"W trudnych chwilach \u017cycia, kiedy konieczna jest profesjonalna pomoc prawna, jeste\u015bmy tutaj, aby Ci\u0119 wesprze\u0107. Nasza kancelaria adwokacka jest zlokalizowana w centrum Tomaszowa Mazowieckiego. Oferujemy kompleksow\u0105 obs\u0142ug\u0119 prawn\u0105 w obszarach, kt\u00f3re mog\u0105 Ci\u0119 dotyczy\u0107 &#8211; prawo cywilne, rozwody, prawo karne i odszkodowania. Jakie s\u0105 g\u0142\u00f3wne specjalizacje Kancelarii Damiana Sylwestrowicza w Tomaszowie Mazowieckim? Prawo Cywilne Jako\" \/>\n<meta property=\"og:url\" content=\"https:\/\/adwokat-sylwestrowicz.pl\/blog\/adwokat-tomaszow-mazowiecki-bronimy-twoich-praw-i-udzielamy-porad-prawnych\/\" \/>\n<meta property=\"og:site_name\" content=\"BLOG | Adwokat \u0141\u00f3d\u017a - Damian Sylwestrowicz | Tw\u00f3j prawnik w \u0141odzi.\" \/>\n<meta name=\"twitter:card\" content=\"summary_large_image\" \/>\n<meta name=\"twitter:label1\" content=\"Szacowany czas czytania\" \/>\n\t<meta name=\"twitter:data1\" content=\"2 minuty\" \/>\n<script type=\"application\/ld+json\" class=\"yoast-schema-graph\">{\"@context\":\"https:\/\/schema.org\",\"@graph\":[{\"@type\":\"WebPage\",\"@id\":\"https:\/\/adwokat-sylwestrowicz.pl\/blog\/adwokat-tomaszow-mazowiecki-bronimy-twoich-praw-i-udzielamy-porad-prawnych\/\",\"url\":\"https:\/\/adwokat-sylwestrowicz.pl\/blog\/adwokat-tomaszow-mazowiecki-bronimy-twoich-praw-i-udzielamy-porad-prawnych\/\",\"name\":\"Adwokat Tomasz\u00f3w Mazowiecki - bronimy Twoich praw i udzielamy porad prawnych - BLOG | Adwokat \u0141\u00f3d\u017a - Damian Sylwestrowicz | Tw\u00f3j prawnik w \u0141odzi.\",\"isPartOf\":{\"@id\":\"https:\/\/adwokat-sylwestrowicz.pl\/blog\/#website\"},\"datePublished\":\"2023-08-24T00:14:24+00:00\",\"dateModified\":\"2023-08-24T00:14:24+00:00\",\"breadcrumb\":{\"@id\":\"https:\/\/adwokat-sylwestrowicz.pl\/blog\/adwokat-tomaszow-mazowiecki-bronimy-twoich-praw-i-udzielamy-porad-prawnych\/#breadcrumb\"},\"inLanguage\":\"pl-PL\",\"potentialAction\":[{\"@type\":\"ReadAction\",\"target\":[\"https:\/\/adwokat-sylwestrowicz.pl\/blog\/adwokat-tomaszow-mazowiecki-bronimy-twoich-praw-i-udzielamy-porad-prawnych\/\"]}]},{\"@type\":\"BreadcrumbList\",\"@id\":\"https:\/\/adwokat-sylwestrowicz.pl\/blog\/adwokat-tomaszow-mazowiecki-bronimy-twoich-praw-i-udzielamy-porad-prawnych\/#breadcrumb\",\"itemListElement\":[{\"@type\":\"ListItem\",\"position\":1,\"name\":\"Strona g\u0142\u00f3wna\",\"item\":\"https:\/\/adwokat-sylwestrowicz.pl\/blog\/\"},{\"@type\":\"ListItem\",\"position\":2,\"name\":\"Adwokat Tomasz\u00f3w Mazowiecki &#8211; bronimy Twoich praw i udzielamy porad prawnych\"}]},{\"@type\":\"WebSite\",\"@id\":\"https:\/\/adwokat-sylwestrowicz.pl\/blog\/#website\",\"url\":\"https:\/\/adwokat-sylwestrowicz.pl\/blog\/\",\"name\":\"BLOG | Adwokat \u0141\u00f3d\u017a - Damian Sylwestrowicz | Tw\u00f3j prawnik w \u0141odzi.\",\"description\":\"Adwokat \u0141\u00f3d\u017a | Tw\u00f3j prawnik w \u0141odzi!\",\"potentialAction\":[{\"@type\":\"SearchAction\",\"target\":{\"@type\":\"EntryPoint\",\"urlTemplate\":\"https:\/\/adwokat-sylwestrowicz.pl\/blog\/?s={search_term_string}\"},\"query-input\":\"required name=search_term_string\"}],\"inLanguage\":\"pl-PL\"}]}<\/script>\n<!-- \/ Yoast SEO plugin. -->","yoast_head_json":{"title":"Adwokat Tomasz\u00f3w Mazowiecki - bronimy Twoich praw i udzielamy porad prawnych - BLOG | Adwokat \u0141\u00f3d\u017a - Damian Sylwestrowicz | Tw\u00f3j prawnik w \u0141odzi.","robots":{"index":"index","follow":"follow","max-snippet":"max-snippet:-1","max-image-preview":"max-image-preview:large","max-video-preview":"max-video-preview:-1"},"canonical":"https:\/\/adwokat-sylwestrowicz.pl\/blog\/adwokat-tomaszow-mazowiecki-bronimy-twoich-praw-i-udzielamy-porad-prawnych\/","og_locale":"pl_PL","og_type":"article","og_title":"Adwokat Tomasz\u00f3w Mazowiecki - bronimy Twoich praw i udzielamy porad prawnych - BLOG | Adwokat \u0141\u00f3d\u017a - Damian Sylwestrowicz | Tw\u00f3j prawnik w \u0141odzi.","og_description":"W trudnych chwilach \u017cycia, kiedy konieczna jest profesjonalna pomoc prawna, jeste\u015bmy tutaj, aby Ci\u0119 wesprze\u0107. Nasza kancelaria adwokacka jest zlokalizowana w centrum Tomaszowa Mazowieckiego. Oferujemy kompleksow\u0105 obs\u0142ug\u0119 prawn\u0105 w obszarach, kt\u00f3re mog\u0105 Ci\u0119 dotyczy\u0107 &#8211; prawo cywilne, rozwody, prawo karne i odszkodowania. Jakie s\u0105 g\u0142\u00f3wne specjalizacje Kancelarii Damiana Sylwestrowicza w Tomaszowie Mazowieckim? Prawo Cywilne Jako","og_url":"https:\/\/adwokat-sylwestrowicz.pl\/blog\/adwokat-tomaszow-mazowiecki-bronimy-twoich-praw-i-udzielamy-porad-prawnych\/","og_site_name":"BLOG | Adwokat \u0141\u00f3d\u017a - Damian Sylwestrowicz | Tw\u00f3j prawnik w \u0141odzi.","twitter_card":"summary_large_image","twitter_misc":{"Szacowany czas czytania":"2 minuty"},"schema":{"@context":"https:\/\/schema.org","@graph":[{"@type":"WebPage","@id":"https:\/\/adwokat-sylwestrowicz.pl\/blog\/adwokat-tomaszow-mazowiecki-bronimy-twoich-praw-i-udzielamy-porad-prawnych\/","url":"https:\/\/adwokat-sylwestrowicz.pl\/blog\/adwokat-tomaszow-mazowiecki-bronimy-twoich-praw-i-udzielamy-porad-prawnych\/","name":"Adwokat Tomasz\u00f3w Mazowiecki - bronimy Twoich praw i udzielamy porad prawnych - BLOG | Adwokat \u0141\u00f3d\u017a - Damian Sylwestrowicz | Tw\u00f3j prawnik w \u0141odzi.","isPartOf":{"@id":"https:\/\/adwokat-sylwestrowicz.pl\/blog\/#website"},"datePublished":"2023-08-24T00:14:24+00:00","dateModified":"2023-08-24T00:14:24+00:00","breadcrumb":{"@id":"https:\/\/adwokat-sylwestrowicz.pl\/blog\/adwokat-tomaszow-mazowiecki-bronimy-twoich-praw-i-udzielamy-porad-prawnych\/#breadcrumb"},"inLanguage":"pl-PL","potentialAction":[{"@type":"ReadAction","target":["https:\/\/adwokat-sylwestrowicz.pl\/blog\/adwokat-tomaszow-mazowiecki-bronimy-twoich-praw-i-udzielamy-porad-prawnych\/"]}]},{"@type":"BreadcrumbList","@id":"https:\/\/adwokat-sylwestrowicz.pl\/blog\/adwokat-tomaszow-mazowiecki-bronimy-twoich-praw-i-udzielamy-porad-prawnych\/#breadcrumb","itemListElement":[{"@type":"ListItem","position":1,"name":"Strona g\u0142\u00f3wna","item":"https:\/\/adwokat-sylwestrowicz.pl\/blog\/"},{"@type":"ListItem","position":2,"name":"Adwokat Tomasz\u00f3w Mazowiecki &#8211; bronimy Twoich praw i udzielamy porad prawnych"}]},{"@type":"WebSite","@id":"https:\/\/adwokat-sylwestrowicz.pl\/blog\/#website","url":"https:\/\/adwokat-sylwestrowicz.pl\/blog\/","name":"BLOG | Adwokat \u0141\u00f3d\u017a - Damian Sylwestrowicz | Tw\u00f3j prawnik w \u0141odzi.","description":"Adwokat \u0141\u00f3d\u017a | Tw\u00f3j prawnik w \u0141odzi!","potentialAction":[{"@type":"SearchAction","target":{"@type":"EntryPoint","urlTemplate":"https:\/\/adwokat-sylwestrowicz.pl\/blog\/?s={search_term_string}"},"query-input":"required name=search_term_string"}],"inLanguage":"pl-PL"}]}},"_links":{"self":[{"href":"https:\/\/adwokat-sylwestrowicz.pl\/blog\/wp-json\/wp\/v2\/pages\/181","targetHints":{"allow":["GET"]}}],"collection":[{"href":"https:\/\/adwokat-sylwestrowicz.pl\/blog\/wp-json\/wp\/v2\/pages"}],"about":[{"href":"https:\/\/adwokat-sylwestrowicz.pl\/blog\/wp-json\/wp\/v2\/types\/page"}],"author":[{"embeddable":true,"href":"https:\/\/adwokat-sylwestrowicz.pl\/blog\/wp-json\/wp\/v2\/users\/1"}],"replies":[{"embeddable":true,"href":"https:\/\/adwokat-sylwestrowicz.pl\/blog\/wp-json\/wp\/v2\/comments?post=181"}],"version-history":[{"count":1,"href":"https:\/\/adwokat-sylwestrowicz.pl\/blog\/wp-json\/wp\/v2\/pages\/181\/revisions"}],"predecessor-version":[{"id":182,"href":"https:\/\/adwokat-sylwestrowicz.pl\/blog\/wp-json\/wp\/v2\/pages\/181\/revisions\/182"}],"wp:attachment":[{"href":"https:\/\/adwokat-sylwestrowicz.pl\/blog\/wp-json\/wp\/v2\/media?parent=181"}],"curies":[{"name":"wp","href":"https:\/\/api.w.org\/{rel}","templated":true}]}}